{"id":182,"date":"2023-07-31T22:58:15","date_gmt":"2023-07-31T22:58:15","guid":{"rendered":"https:\/\/novoalcool.com.br\/?post_type=product&#038;p=182"},"modified":"2023-07-31T22:58:49","modified_gmt":"2023-07-31T22:58:49","slug":"alcool-etilico-hidratado-70-inpm-desinfetante-gel-institucional","status":"publish","type":"product","link":"https:\/\/novoalcool.com.br\/index.php\/product\/alcool-etilico-hidratado-70-inpm-desinfetante-gel-institucional\/","title":{"rendered":"\u00c1lcool Et\u00edlico Hidratado 70\u00b0 INPM Desinfetante Gel Institucional"},"content":{"rendered":"<p>Composi\u00e7\u00e3o: \u00c1lcool Et\u00edlico Hidratado, emulsificantes e veiculo;<\/p>\n<p>C\u00f3digo produto: 12 Embalagem: PET 4,4kg Caixa: 03 unidades;<\/p>\n<p>C\u00f3digo de barras frasco: 7898971782109 C\u00f3digo de barras caixa: 17898971782106 NCM: 38089429;<\/p>\n<p>Autoriza\u00e7\u00e3o de funcionamento\/MS: 311832-3; Registro ANVISA: 318320003.<\/p>\n\n    <div class=\"xs_social_share_widget xs_share_url after_content \t\tmain_content  wslu-style-1 wslu-share-box-shaped wslu-fill-colored wslu-none wslu-share-horizontal wslu-theme-font-no wslu-main_content\">\n\n\t\t\n        <ul>\n\t\t\t        <\/ul>\n    <\/div> \n","protected":false},"excerpt":{"rendered":"<p>O\u00a0\u00e1lcool 70% Gel possui concentra\u00e7\u00e3o \u00f3timo para limpeza, porque a desnatura\u00e7\u00e3o das prote\u00ednas do microrganismo faz-se mais eficientemente na presen\u00e7a da \u00e1gua, pois esta facilita a entrada do\u00a0\u00e1lcool\u00a0para dentro da bact\u00e9ria e tamb\u00e9m retarda a volatiliza\u00e7\u00e3o do\u00a0\u00e1lcool, permitindo maior tempo de contato.<\/p>\n<p>Indica\u00e7\u00f5es:<\/p>\n<p>Indicado para limpeza de superf\u00edcies, como pisos, azulejos, formica, vidros, espelhos, entre outros; N\u00e3o utilizar em superf\u00edcies sens\u00edveis ao \u00e1lcool, como encerados, laqueados, pintados e envernizados, entre outros.<\/p>\n<p>Modo de Usar:<\/p>\n<p>Produto pronto para uso, pode ser a plicado diretamente pisos, azulejos e formicas, para a limpeza de espelhos e vidros deve ser aplicado com auxilio de pano limpo e seco.<\/p>\n","protected":false},"featured_media":169,"comment_status":"open","ping_status":"closed","template":"","meta":{"postBodyCss":"","postBodyMargin":[],"postBodyPadding":[],"postBodyBackground":{"backgroundType":"classic","gradient":""}},"product_brand":[],"product_cat":[31,28],"product_tag":[],"class_list":{"0":"post-182","1":"product","2":"type-product","3":"status-publish","4":"has-post-thumbnail","6":"product_cat-44kg","7":"product_cat-alcool-em-gel","9":"first","10":"instock","11":"shipping-taxable","12":"product-type-simple"},"_links":{"self":[{"href":"https:\/\/novoalcool.com.br\/index.php\/wp-json\/wp\/v2\/product\/182","targetHints":{"allow":["GET"]}}],"collection":[{"href":"https:\/\/novoalcool.com.br\/index.php\/wp-json\/wp\/v2\/product"}],"about":[{"href":"https:\/\/novoalcool.com.br\/index.php\/wp-json\/wp\/v2\/types\/product"}],"replies":[{"embeddable":true,"href":"https:\/\/novoalcool.com.br\/index.php\/wp-json\/wp\/v2\/comments?post=182"}],"wp:featuredmedia":[{"embeddable":true,"href":"https:\/\/novoalcool.com.br\/index.php\/wp-json\/wp\/v2\/media\/169"}],"wp:attachment":[{"href":"https:\/\/novoalcool.com.br\/index.php\/wp-json\/wp\/v2\/media?parent=182"}],"wp:term":[{"taxonomy":"product_brand","embeddable":true,"href":"https:\/\/novoalcool.com.br\/index.php\/wp-json\/wp\/v2\/product_brand?post=182"},{"taxonomy":"product_cat","embeddable":true,"href":"https:\/\/novoalcool.com.br\/index.php\/wp-json\/wp\/v2\/product_cat?post=182"},{"taxonomy":"product_tag","embeddable":true,"href":"https:\/\/novoalcool.com.br\/index.php\/wp-json\/wp\/v2\/product_tag?post=182"}],"curies":[{"name":"wp","href":"https:\/\/api.w.org\/{rel}","templated":true}]}}