{"id":180,"date":"2023-07-31T22:52:37","date_gmt":"2023-07-31T22:52:37","guid":{"rendered":"https:\/\/novoalcool.com.br\/?post_type=product&#038;p=180"},"modified":"2023-07-31T22:52:37","modified_gmt":"2023-07-31T22:52:37","slug":"alcool-etilico-hidratado-80-inpm-gel-acendedor","status":"publish","type":"product","link":"https:\/\/novoalcool.com.br\/index.php\/product\/alcool-etilico-hidratado-80-inpm-gel-acendedor\/","title":{"rendered":"\u00c1lcool Et\u00edlico Hidratado 80\u00b0 INPM Gel Acendedor"},"content":{"rendered":"<p>Composi\u00e7\u00e3o: \u00c1lcool Et\u00edlico Hidratado, espessante e \u00e1gua;<\/p>\n<p>C\u00f3digo produto: 13 Embalagem: PET 4,4kg Caixa: 03 unidades;<\/p>\n<p>C\u00f3digo de barras frasco: 7898971782116 C\u00f3digo de barras caixa: 17898971782113 NCM: 22071090;<\/p>\n<p>Autoriza\u00e7\u00e3o de funcionamento\/MS: 311832-3 ANVISA registro: Isento de registro Notifica\u00e7\u00e3o: RDC59\/23.<\/p>\n\n    <div class=\"xs_social_share_widget xs_share_url after_content \t\tmain_content  wslu-style-1 wslu-share-box-shaped wslu-fill-colored wslu-none wslu-share-horizontal wslu-theme-font-no wslu-main_content\">\n\n\t\t\n        <ul>\n\t\t\t        <\/ul>\n    <\/div> \n","protected":false},"excerpt":{"rendered":"<p>O Gel\u00a0Acendedor\u00a080\u00b0 INPM foi desenvolvido especialmente para o acendimento de churrasqueiras, lareiras e r\u00e9chauds. Ele oferece seguran\u00e7a e praticidade para um acendimento r\u00e1pido e inteligente. Preocupa\u00e7\u00e3o em acender churrasqueira, fog\u00e3o a lenha ou lareira, nunca mais.<\/p>\n<p>Indica\u00e7\u00f5es:<\/p>\n<p>Produto pronto para uso, acendedor em gel para churrasqueira, lareira e r\u00e9chaud.<\/p>\n<p>Modo de Usar:<\/p>\n<p>Produto pronto para uso, Coloque cerca de 50g de \u00e1lcool em gel embaixo do carv\u00e3o e acenda com f\u00f3sforo de seguran\u00e7a. Caso estiver utilizando uma espiriteira, a mesma dever\u00e1 estar sem restos de gel e seca.<\/p>\n","protected":false},"featured_media":173,"comment_status":"open","ping_status":"closed","template":"","meta":{"postBodyCss":"","postBodyMargin":[],"postBodyPadding":[],"postBodyBackground":{"backgroundType":"classic","gradient":""}},"product_brand":[],"product_cat":[31,29],"product_tag":[],"class_list":{"0":"post-180","1":"product","2":"type-product","3":"status-publish","4":"has-post-thumbnail","6":"product_cat-44kg","7":"product_cat-acendedor-gel","9":"first","10":"instock","11":"shipping-taxable","12":"product-type-simple"},"_links":{"self":[{"href":"https:\/\/novoalcool.com.br\/index.php\/wp-json\/wp\/v2\/product\/180","targetHints":{"allow":["GET"]}}],"collection":[{"href":"https:\/\/novoalcool.com.br\/index.php\/wp-json\/wp\/v2\/product"}],"about":[{"href":"https:\/\/novoalcool.com.br\/index.php\/wp-json\/wp\/v2\/types\/product"}],"replies":[{"embeddable":true,"href":"https:\/\/novoalcool.com.br\/index.php\/wp-json\/wp\/v2\/comments?post=180"}],"wp:featuredmedia":[{"embeddable":true,"href":"https:\/\/novoalcool.com.br\/index.php\/wp-json\/wp\/v2\/media\/173"}],"wp:attachment":[{"href":"https:\/\/novoalcool.com.br\/index.php\/wp-json\/wp\/v2\/media?parent=180"}],"wp:term":[{"taxonomy":"product_brand","embeddable":true,"href":"https:\/\/novoalcool.com.br\/index.php\/wp-json\/wp\/v2\/product_brand?post=180"},{"taxonomy":"product_cat","embeddable":true,"href":"https:\/\/novoalcool.com.br\/index.php\/wp-json\/wp\/v2\/product_cat?post=180"},{"taxonomy":"product_tag","embeddable":true,"href":"https:\/\/novoalcool.com.br\/index.php\/wp-json\/wp\/v2\/product_tag?post=180"}],"curies":[{"name":"wp","href":"https:\/\/api.w.org\/{rel}","templated":true}]}}