{"id":178,"date":"2023-07-31T22:47:45","date_gmt":"2023-07-31T22:47:45","guid":{"rendered":"https:\/\/novoalcool.com.br\/?post_type=product&#038;p=178"},"modified":"2025-08-07T17:57:11","modified_gmt":"2025-08-07T17:57:11","slug":"alcool-etilico-hidratado-70-inpm-uso-hospitalar","status":"publish","type":"product","link":"https:\/\/novoalcool.com.br\/index.php\/product\/alcool-etilico-hidratado-70-inpm-uso-hospitalar\/","title":{"rendered":"\u00c1lcool Et\u00edlico Hidratado 70\u00b0 INPM Uso Hospitalar"},"content":{"rendered":"<p>Composi\u00e7\u00e3o: \u00c1lcool Et\u00edlico Hidratado e veiculo.<\/p>\n<p>C\u00f3digo produto: 11 Embalagem: PEAD 1 litro Caixa: 12 unidades;<\/p>\n<p>C\u00f3digo de barras frasco: 7898971782055 C\u00f3digo de barras caixa: 17898971782052 NCM: 38089419;<\/p>\n<p>Autoriza\u00e7\u00e3o de funcionamento\/MS: 311832-3: ANVISA registro: 318320002.<\/p>\n\n    <div class=\"xs_social_share_widget xs_share_url after_content \t\tmain_content  wslu-style-1 wslu-share-box-shaped wslu-fill-colored wslu-none wslu-share-horizontal wslu-theme-font-no wslu-main_content\">\n\n\t\t\n        <ul>\n\t\t\t        <\/ul>\n    <\/div> \n","protected":false},"excerpt":{"rendered":"<p>O produto \u00c1lcool Et\u00edlico Hidratado 70\u00b0INPM, \u00e9 eficaz no combate de bact\u00e9rias, fungos, v\u00edrus e auxilia na\u00a0limpeza\u00a0de superf\u00edcies, proporcionando um lugar livre de substancias poluentes e nocivas \u00e0 sa\u00fade.<\/p>\n<p>Indica\u00e7\u00f5es:<\/p>\n<p>Indicado para limpeza de superf\u00edcies, como pisos, azulejos, formica, vidros, espelhos, entre outros; N\u00e3o utilizar em superf\u00edcies sens\u00edveis ao \u00e1lcool, como encerados, laqueados, pintados e envernizados, entre outros.<\/p>\n<p>Modo de Usar:<\/p>\n<p>Produto pronto para uso, pode ser aplicado diretamente pisos, azulejos e formicas, para a limpeza de espelhos e vidros deve ser aplicado com auxilio de pano limpo e seco.<\/p>\n","protected":false},"featured_media":171,"comment_status":"open","ping_status":"closed","template":"","meta":{"postBodyCss":"","postBodyMargin":[],"postBodyPadding":[],"postBodyBackground":{"backgroundType":"classic","gradient":""}},"product_brand":[],"product_cat":[25,27],"product_tag":[],"class_list":{"0":"post-178","1":"product","2":"type-product","3":"status-publish","4":"has-post-thumbnail","6":"product_cat-alcool-1l","7":"product_cat-linha-hospitalar","9":"first","10":"instock","11":"shipping-taxable","12":"product-type-simple"},"_links":{"self":[{"href":"https:\/\/novoalcool.com.br\/index.php\/wp-json\/wp\/v2\/product\/178","targetHints":{"allow":["GET"]}}],"collection":[{"href":"https:\/\/novoalcool.com.br\/index.php\/wp-json\/wp\/v2\/product"}],"about":[{"href":"https:\/\/novoalcool.com.br\/index.php\/wp-json\/wp\/v2\/types\/product"}],"replies":[{"embeddable":true,"href":"https:\/\/novoalcool.com.br\/index.php\/wp-json\/wp\/v2\/comments?post=178"}],"wp:featuredmedia":[{"embeddable":true,"href":"https:\/\/novoalcool.com.br\/index.php\/wp-json\/wp\/v2\/media\/171"}],"wp:attachment":[{"href":"https:\/\/novoalcool.com.br\/index.php\/wp-json\/wp\/v2\/media?parent=178"}],"wp:term":[{"taxonomy":"product_brand","embeddable":true,"href":"https:\/\/novoalcool.com.br\/index.php\/wp-json\/wp\/v2\/product_brand?post=178"},{"taxonomy":"product_cat","embeddable":true,"href":"https:\/\/novoalcool.com.br\/index.php\/wp-json\/wp\/v2\/product_cat?post=178"},{"taxonomy":"product_tag","embeddable":true,"href":"https:\/\/novoalcool.com.br\/index.php\/wp-json\/wp\/v2\/product_tag?post=178"}],"curies":[{"name":"wp","href":"https:\/\/api.w.org\/{rel}","templated":true}]}}